{"id":621,"date":"2026-04-14T16:59:27","date_gmt":"2026-04-14T14:59:27","guid":{"rendered":"https:\/\/mesekonyved.hu\/?post_type=product&#038;p=621"},"modified":"2026-04-23T10:53:54","modified_gmt":"2026-04-23T08:53:54","slug":"nev-es-a-4-evszak-erdeje","status":"publish","type":"product","link":"https:\/\/mesekonyved.hu\/?product=nev-es-a-4-evszak-erdeje","title":{"rendered":"&#8222;N\u00e9v&#8221; \u00e9s a 4 \u00e9vszak erdeje"},"content":{"rendered":"","protected":false},"excerpt":{"rendered":"<p><img fetchpriority=\"high\" decoding=\"async\" class=\"alignnone wp-image-634 size-medium\" src=\"http:\/\/mesekonyved.hu\/wp-content\/uploads\/2026\/04\/Anna-es-a-4-evszak-erdeje-1-e1776266072983-669x699.png\" alt=\"\" width=\"669\" height=\"699\" \/>Egy var\u00e1zslatos mese, ahol a gyermeked \u00e9li \u00e1t a saj\u00e1t kalandj\u00e1t. Szem\u00e9lyre szabva, szeretettel k\u00e9sz\u00edtve.<\/p>\n","protected":false},"featured_media":634,"template":"","meta":[],"product_brand":[],"product_cat":[31],"product_tag":[],"class_list":{"0":"post-621","1":"product","2":"type-product","3":"status-publish","4":"has-post-thumbnail","6":"product_cat-egyeb","8":"first","9":"instock","10":"shipping-taxable","11":"purchasable","12":"product-type-simple"},"_links":{"self":[{"href":"https:\/\/mesekonyved.hu\/index.php?rest_route=\/wp\/v2\/product\/621","targetHints":{"allow":["GET"]}}],"collection":[{"href":"https:\/\/mesekonyved.hu\/index.php?rest_route=\/wp\/v2\/product"}],"about":[{"href":"https:\/\/mesekonyved.hu\/index.php?rest_route=\/wp\/v2\/types\/product"}],"wp:featuredmedia":[{"embeddable":true,"href":"https:\/\/mesekonyved.hu\/index.php?rest_route=\/wp\/v2\/media\/634"}],"wp:attachment":[{"href":"https:\/\/mesekonyved.hu\/index.php?rest_route=%2Fwp%2Fv2%2Fmedia&parent=621"}],"wp:term":[{"taxonomy":"product_brand","embeddable":true,"href":"https:\/\/mesekonyved.hu\/index.php?rest_route=%2Fwp%2Fv2%2Fproduct_brand&post=621"},{"taxonomy":"product_cat","embeddable":true,"href":"https:\/\/mesekonyved.hu\/index.php?rest_route=%2Fwp%2Fv2%2Fproduct_cat&post=621"},{"taxonomy":"product_tag","embeddable":true,"href":"https:\/\/mesekonyved.hu\/index.php?rest_route=%2Fwp%2Fv2%2Fproduct_tag&post=621"}],"curies":[{"name":"wp","href":"https:\/\/api.w.org\/{rel}","templated":true}]}}