{"id":358,"date":"2026-04-14T13:49:09","date_gmt":"2026-04-14T11:49:09","guid":{"rendered":"https:\/\/mesekonyved.hu\/?page_id=358"},"modified":"2026-04-14T13:49:53","modified_gmt":"2026-04-14T11:49:53","slug":"szallitasi-es-fizetesi-feltetelek","status":"publish","type":"page","link":"https:\/\/mesekonyved.hu\/?page_id=358","title":{"rendered":"Sz\u00e1ll\u00edt\u00e1si \u00e9s fizet\u00e9si felt\u00e9telek"},"content":{"rendered":"\t\t<div data-elementor-type=\"wp-page\" data-elementor-id=\"358\" class=\"elementor elementor-358\" data-elementor-post-type=\"page\">\n\t\t\t\t<div class=\"elementor-element elementor-element-13a0a4c0 e-flex e-con-boxed e-con e-parent\" data-id=\"13a0a4c0\" data-element_type=\"container\" data-e-type=\"container\" data-settings=\"{&quot;background_background&quot;:&quot;classic&quot;}\">\n\t\t\t\t\t<div class=\"e-con-inner\">\n\t\t<div class=\"elementor-element elementor-element-282c6bd8 e-con-full e-flex e-con e-child\" data-id=\"282c6bd8\" data-element_type=\"container\" data-e-type=\"container\">\n\t\t\t\t<div class=\"elementor-element elementor-element-4291bae6 elementor-widget elementor-widget-heading\" data-id=\"4291bae6\" data-element_type=\"widget\" data-e-type=\"widget\" data-widget_type=\"heading.default\">\n\t\t\t\t\t<h1 class=\"elementor-heading-title elementor-size-default\">Sz\u00e1ll\u00edt\u00e1si \u00e9s fizet\u00e9si felt\u00e9telek<\/h1>\t\t\t\t<\/div>\n\t\t\t\t<\/div>\n\t\t\t\t\t<\/div>\n\t\t\t\t<\/div>\n\t\t<div class=\"elementor-element elementor-element-23ab1bd4 e-flex e-con-boxed e-con e-parent\" data-id=\"23ab1bd4\" data-element_type=\"container\" data-e-type=\"container\">\n\t\t\t\t\t<div class=\"e-con-inner\">\n\t\t<div class=\"elementor-element elementor-element-12b9afde e-con-full e-flex e-con e-child\" data-id=\"12b9afde\" data-element_type=\"container\" data-e-type=\"container\">\n\t\t\t\t<div class=\"elementor-element elementor-element-8b37834 elementor-widget elementor-widget-text-editor\" data-id=\"8b37834\" data-element_type=\"widget\" data-e-type=\"widget\" data-widget_type=\"text-editor.default\">\n\t\t\t\t\t\t\t\t\t<p>Jelen oldal \u00fatmutat\u00f3k\u00e9nt szolg\u00e1l. Semmilyen felel\u0151ss\u00e9get nem v\u00e1llalunk haszn\u00e1lat\u00e1\u00e9rt. Amennyiben szem\u00e9lyre szabott nyilatkozatot szeretn\u00e9l weboldaladra, k\u00e9rj\u00fck, keress fel internetes jog\u00e1szt.<\/p>\t\t\t\t\t\t\t\t<\/div>\n\t\t\t\t<div class=\"elementor-element elementor-element-2956b3b2 elementor-widget elementor-widget-heading\" data-id=\"2956b3b2\" data-element_type=\"widget\" data-e-type=\"widget\" data-widget_type=\"heading.default\">\n\t\t\t\t\t<h2 class=\"elementor-heading-title elementor-size-default\">Sz\u00e1ll\u00edt\u00e1si felt\u00e9telek<\/h2>\t\t\t\t<\/div>\n\t\t\t\t<div class=\"elementor-element elementor-element-6105e018 elementor-widget elementor-widget-text-editor\" data-id=\"6105e018\" data-element_type=\"widget\" data-e-type=\"widget\" data-widget_type=\"text-editor.default\">\n\t\t\t\t\t\t\t\t\t<p>Weboldal: <strong>https:\/\/domained.hu\/<\/strong><br \/>E-mail: <strong>hello@domained.hu<\/strong><\/p><p>A leadott megrendel\u00e9sr\u0151l visszaigazol\u00e1st k\u00fcld\u00fcnk elektronikus form\u00e1ban. A megrendel\u00e9st k\u00f6vet\u0151en a csomagok kisz\u00e1ll\u00edt\u00e1s\u00e1t a <strong>[FUT\u00c1RSZOG\u00c1LAT NEVE]<\/strong> fut\u00e1rszolg\u00e1lat v\u00e9gzi.<\/p><p>Term\u00e9keink kisz\u00e1ll\u00edt\u00e1sa <strong>2-5 napon bel\u00fcl<\/strong> t\u00f6rt\u00e9nik <strong>minden munkanap 09.00 \u00e9s 17.00 \u00f3ra<\/strong> k\u00f6z\u00f6tt.<\/p><p>A term\u00e9k sz\u00e1ll\u00edt\u00e1si d\u00edj\u00e1t a web\u00e1ruh\u00e1z ismerteti a p\u00e9nzt\u00e1r folyamat sor\u00e1n.<\/p><p>Azt javasoljuk, hogy mindenk\u00e9pp olyan sz\u00e1ll\u00edt\u00e1si helyet adj meg, ahol biztosan megtal\u00e1l t\u00e9ged, vagy megb\u00edzottadat a fut\u00e1runk, ha 09.00 \u00e9s 17.00 \u00f3ra k\u00f6z\u00f6tt \u00e9rkezik. Ez lehet otthoni lakc\u00edm, munkahely vagy egy\u00e9b tervezett tart\u00f3zkod\u00e1si hely is.<\/p><p>Amennyiben ut\u00e1nv\u00e9tes fizet\u00e9st v\u00e1lasztasz, akkor k\u00e9rj\u00fck arr\u00f3l is gondoskodj, ha nem te, hanem egy megb\u00edzottad v\u00e1rja a csomagot, akkor rendelkez\u00e9s\u00e9re \u00e1lljon a sz\u00e1mla kiegyenl\u00edt\u00e9s\u00e9hez sz\u00fcks\u00e9ges \u00f6sszeg. Rendel\u00e9skor megadhatod a kisz\u00e1ll\u00edt\u00e1ssal kapcsolatos adatokat a megjegyz\u00e9s rovatba (pl. kapucseng\u0151, porta, megb\u00edzott, stb).<\/p><p>Ha b\u00e1rmilyen probl\u00e9m\u00e1ba \u00fctk\u00f6z\u00f6l a sz\u00e1ll\u00edt\u00e1s kapcs\u00e1n, k\u00e9rlek h\u00edvd a szerz\u0151d\u00f6tt logisztikai partner\u00fcnk, a <strong>[FUT\u00c1RSZOG\u00c1LAT NEVE]<\/strong> Fut\u00e1rszolg\u00e1lat \u00fcgyf\u00e9lszolg\u00e1lati telefonsz\u00e1m\u00e1t, ahol a visszaigazol\u00f3 lev\u00e9lben kapott nyomonk\u00f6vet\u00e9si k\u00f3d seg\u00edts\u00e9g\u00e9vel kaphatsz pontos inform\u00e1ci\u00f3kat.<\/p>\t\t\t\t\t\t\t\t<\/div>\n\t\t\t\t<div class=\"elementor-element elementor-element-394a473f elementor-widget elementor-widget-text-editor\" data-id=\"394a473f\" data-element_type=\"widget\" data-e-type=\"widget\" data-widget_type=\"text-editor.default\">\n\t\t\t\t\t\t\t\t\t<p>Budapest, 2025.02.13.<\/p>\t\t\t\t\t\t\t\t<\/div>\n\t\t\t\t<\/div>\n\t\t\t\t\t<\/div>\n\t\t\t\t<\/div>\n\t\t\t\t<\/div>\n\t\t","protected":false},"excerpt":{"rendered":"<p>Sz\u00e1ll\u00edt\u00e1si \u00e9s fizet\u00e9si felt\u00e9telek Jelen oldal \u00fatmutat\u00f3k\u00e9nt szolg\u00e1l. Semmilyen felel\u0151ss\u00e9get nem v\u00e1llalunk haszn\u00e1lat\u00e1\u00e9rt. Amennyiben szem\u00e9lyre szabott nyilatkozatot szeretn\u00e9l weboldaladra, k\u00e9rj\u00fck, keress fel internetes jog\u00e1szt. Sz\u00e1ll\u00edt\u00e1si felt\u00e9telek Weboldal: https:\/\/domained.hu\/E-mail: hello@domained.hu A leadott megrendel\u00e9sr\u0151l visszaigazol\u00e1st k\u00fcld\u00fcnk elektronikus form\u00e1ban. A megrendel\u00e9st k\u00f6vet\u0151en a csomagok kisz\u00e1ll\u00edt\u00e1s\u00e1t a [FUT\u00c1RSZOG\u00c1LAT NEVE] fut\u00e1rszolg\u00e1lat v\u00e9gzi. Term\u00e9keink kisz\u00e1ll\u00edt\u00e1sa 2-5 napon bel\u00fcl t\u00f6rt\u00e9nik minden munkanap [&hellip;]<\/p>\n","protected":false},"author":1,"featured_media":0,"parent":0,"menu_order":0,"comment_status":"closed","ping_status":"closed","template":"","meta":{"footnotes":""},"class_list":["post-358","page","type-page","status-publish","hentry"],"_links":{"self":[{"href":"https:\/\/mesekonyved.hu\/index.php?rest_route=\/wp\/v2\/pages\/358","targetHints":{"allow":["GET"]}}],"collection":[{"href":"https:\/\/mesekonyved.hu\/index.php?rest_route=\/wp\/v2\/pages"}],"about":[{"href":"https:\/\/mesekonyved.hu\/index.php?rest_route=\/wp\/v2\/types\/page"}],"author":[{"embeddable":true,"href":"https:\/\/mesekonyved.hu\/index.php?rest_route=\/wp\/v2\/users\/1"}],"replies":[{"embeddable":true,"href":"https:\/\/mesekonyved.hu\/index.php?rest_route=%2Fwp%2Fv2%2Fcomments&post=358"}],"version-history":[{"count":4,"href":"https:\/\/mesekonyved.hu\/index.php?rest_route=\/wp\/v2\/pages\/358\/revisions"}],"predecessor-version":[{"id":555,"href":"https:\/\/mesekonyved.hu\/index.php?rest_route=\/wp\/v2\/pages\/358\/revisions\/555"}],"wp:attachment":[{"href":"https:\/\/mesekonyved.hu\/index.php?rest_route=%2Fwp%2Fv2%2Fmedia&parent=358"}],"curies":[{"name":"wp","href":"https:\/\/api.w.org\/{rel}","templated":true}]}}